{"id":210,"date":"2026-03-24T15:56:08","date_gmt":"2026-03-24T18:56:08","guid":{"rendered":"https:\/\/projeto.reativareagentesquimicos.com.br\/?page_id=210"},"modified":"2026-03-25T11:14:33","modified_gmt":"2026-03-25T14:14:33","slug":"laudo-fds","status":"publish","type":"page","link":"https:\/\/projeto.reativareagentesquimicos.com.br\/index.php\/laudo-fds\/","title":{"rendered":"Laudo\/FDS"},"content":{"rendered":"\t\t<div data-elementor-type=\"wp-page\" data-elementor-id=\"210\" class=\"elementor elementor-210\">\n\t\t\t\t<div class=\"elementor-element elementor-element-31e0b2e e-flex e-con-boxed e-con e-parent\" data-id=\"31e0b2e\" data-element_type=\"container\" data-e-type=\"container\">\n\t\t\t\t\t<div class=\"e-con-inner\">\n\t\t\t\t<div class=\"elementor-element elementor-element-8e40e7a elementor-widget elementor-widget-heading\" data-id=\"8e40e7a\" data-element_type=\"widget\" data-e-type=\"widget\" data-widget_type=\"heading.default\">\n\t\t\t\t\t<h2 class=\"elementor-heading-title elementor-size-default\">Laudo \/ FDS<\/h2>\t\t\t\t<\/div>\n\t\t\t\t\t<\/div>\n\t\t\t\t<\/div>\n\t\t<div class=\"elementor-element elementor-element-6a3f5bc e-flex e-con-boxed e-con e-parent\" data-id=\"6a3f5bc\" data-element_type=\"container\" data-e-type=\"container\">\n\t\t\t\t\t<div class=\"e-con-inner\">\n\t\t<div class=\"elementor-element elementor-element-58a5245 e-con-full e-flex e-con e-child\" data-id=\"58a5245\" data-element_type=\"container\" data-e-type=\"container\">\n\t\t\t\t<div class=\"elementor-element elementor-element-f5de9c6 elementor-widget elementor-widget-heading\" data-id=\"f5de9c6\" data-element_type=\"widget\" data-e-type=\"widget\" data-widget_type=\"heading.default\">\n\t\t\t\t\t<h2 class=\"elementor-heading-title elementor-size-default\">Certificado de An\u00e1lise<\/h2>\t\t\t\t<\/div>\n\t\t<div class=\"elementor-element elementor-element-eae3ae9 e-con-full e-flex e-con e-child\" data-id=\"eae3ae9\" data-element_type=\"container\" data-e-type=\"container\">\n\t\t\t\t<div class=\"elementor-element elementor-element-be87c77 elementor-widget elementor-widget-text-editor\" data-id=\"be87c77\" data-element_type=\"widget\" data-e-type=\"widget\" data-widget_type=\"text-editor.default\">\n\t\t\t\t\t\t\t\t\t<p>Para ter acesso ao certificado de an\u00e1lise dos produtos, \u00e9 preciso informar os dados abaixo e em seguida fazer o download do arquivo.<\/p>\t\t\t\t\t\t\t\t<\/div>\n\t\t\t\t<div class=\"elementor-element elementor-element-f7079ac elementor-widget elementor-widget-html\" data-id=\"f7079ac\" data-element_type=\"widget\" data-e-type=\"widget\" data-widget_type=\"html.default\">\n\t\t\t\t\t<div id=\"pdf-box\">\n\n  <!-- BLOCO 1 -->\n  <div class=\"pdf-bloco\">\n    <h2>Certificado de An\u00e1lise<\/h2>\n    <p>Para ter acesso ao certificado de an\u00e1lise, \u00e9 preciso informar os dados abaixo e em seguida fazer o download do arquivo.<\/p>\n\n    <input type=\"text\" class=\"codigoProduto\" placeholder=\"Digite o c\u00f3digo do produto\">\n    <button class=\"btnBaixar\">Baixar PDF<\/button>\n  <\/div>\n\n  <!-- BLOCO 2 -->\n  <div class=\"pdf-bloco\">\n    <h2>FDS<\/h2>\n    <p>Para ter acesso a FDS do produto, \u00e9 preciso informar os dados abaixo e em seguida fazer o download do arquivo.<\/p>\n\n    <input type=\"text\" class=\"codigoProduto\" placeholder=\"Digite o c\u00f3digo do produto\">\n    <button class=\"btnBaixar\">Baixar PDF<\/button>\n  <\/div>\n\n<\/div>\n\n<style scoped>\n#pdf-box {\n  display: flex;\n  justify-content: center;\n  gap: 40px;\n  flex-wrap: wrap;\n  font-family: 'Roboto', sans-serif;\n}\n\n.pdf-bloco {\n  background: #fff;\n  padding: 30px;\n  width: 450px;\n  border-radius: 0px;\n  text-align: center;\n  box-shadow: 0 0 2px rgba(0,0,0,0.08);\n}\n\n.pdf-bloco h2 {\n  margin-bottom: 10px;\n  font-weight: 600;\n  color: #333;\n}\n\n.pdf-bloco p {\n  font-size: 14px;\n  color: #555;\n  margin-bottom: 20px;\n}\n\n.pdf-bloco input {\n  width: 100%;\n  padding: 12px;\n  border: 1px solid #ccc;\n  border-radius: 6px;\n  margin-bottom: 15px;\n  font-size: 16px;\n}\n\n.pdf-bloco button {\n  width: 100%;\n  padding: 12px;\n  background: #333031;\n  border: none;\n  color: white;\n  font-size: 16px;\n  border-radius: 6px;\n  cursor: pointer;\n  transition: 0.3s;\n  font-weight: 500;\n}\n\n.pdf-bloco button:hover {\n  background: #ff0015;\n}\n<\/style>\n\n<script>\ndocument.addEventListener(\"DOMContentLoaded\", function () {\n\n  const botoes = document.querySelectorAll(\".btnBaixar\");\n\n  botoes.forEach((botao, index) => {\n    botao.addEventListener(\"click\", function () {\n\n      const codigo = document.querySelectorAll(\".codigoProduto\")[index].value.trim();\n\n      if (!codigo) {\n        alert('Por favor, insira um c\u00f3digo de produto.');\n        return;\n      }\n\n      const caminho = `https:\/\/projeto.reativareagentesquimicos.com.br\/wp-content\/uploads\/reativa\/pdfs\/${codigo}.pdf`;\n\n      fetch(caminho)\n        .then(response => {\n          if (response.ok) {\n            const link = document.createElement('a');\n            link.href = caminho;\n            link.download = `${codigo}.pdf`;\n            document.body.appendChild(link);\n            link.click();\n            document.body.removeChild(link);\n          } else {\n            alert('PDF n\u00e3o encontrado. Verifique o c\u00f3digo digitado.');\n          }\n        })\n        .catch(error => {\n          console.error('Erro ao buscar o PDF:', error);\n          alert('Erro ao tentar baixar o PDF.');\n        });\n\n    });\n  });\n\n});\n<\/script>\t\t\t\t<\/div>\n\t\t\t\t<\/div>\n\t\t\t\t<\/div>\n\t\t\t\t\t<\/div>\n\t\t\t\t<\/div>\n\t\t<div class=\"elementor-element elementor-element-0d9528f e-flex e-con-boxed e-con e-parent\" data-id=\"0d9528f\" data-element_type=\"container\" data-e-type=\"container\">\n\t\t\t\t\t<div class=\"e-con-inner\">\n\t\t\t\t\t<\/div>\n\t\t\t\t<\/div>\n\t\t\t\t<\/div>\n\t\t","protected":false},"excerpt":{"rendered":"<p>Laudo \/ FDS Certificado de An\u00e1lise Para ter acesso ao certificado de an\u00e1lise dos produtos, \u00e9 preciso informar os dados abaixo e em seguida fazer o download do arquivo. Certificado de An\u00e1lise Para ter acesso ao certificado de an\u00e1lise, \u00e9 preciso informar os dados abaixo e em seguida fazer o download do arquivo. Baixar PDF [&hellip;]<\/p>\n","protected":false},"author":1,"featured_media":0,"parent":0,"menu_order":0,"comment_status":"closed","ping_status":"closed","template":"elementor_header_footer","meta":{"footnotes":""},"class_list":["post-210","page","type-page","status-publish","hentry"],"_links":{"self":[{"href":"https:\/\/projeto.reativareagentesquimicos.com.br\/index.php\/wp-json\/wp\/v2\/pages\/210","targetHints":{"allow":["GET"]}}],"collection":[{"href":"https:\/\/projeto.reativareagentesquimicos.com.br\/index.php\/wp-json\/wp\/v2\/pages"}],"about":[{"href":"https:\/\/projeto.reativareagentesquimicos.com.br\/index.php\/wp-json\/wp\/v2\/types\/page"}],"author":[{"embeddable":true,"href":"https:\/\/projeto.reativareagentesquimicos.com.br\/index.php\/wp-json\/wp\/v2\/users\/1"}],"replies":[{"embeddable":true,"href":"https:\/\/projeto.reativareagentesquimicos.com.br\/index.php\/wp-json\/wp\/v2\/comments?post=210"}],"version-history":[{"count":70,"href":"https:\/\/projeto.reativareagentesquimicos.com.br\/index.php\/wp-json\/wp\/v2\/pages\/210\/revisions"}],"predecessor-version":[{"id":286,"href":"https:\/\/projeto.reativareagentesquimicos.com.br\/index.php\/wp-json\/wp\/v2\/pages\/210\/revisions\/286"}],"wp:attachment":[{"href":"https:\/\/projeto.reativareagentesquimicos.com.br\/index.php\/wp-json\/wp\/v2\/media?parent=210"}],"curies":[{"name":"wp","href":"https:\/\/api.w.org\/{rel}","templated":true}]}}